{"id":675,"date":"2015-10-26T12:15:45","date_gmt":"2015-10-26T11:15:45","guid":{"rendered":"http:\/\/www.akbo-fbt.de\/?page_id=675"},"modified":"2021-02-23T10:50:02","modified_gmt":"2021-02-23T09:50:02","slug":"impressum","status":"publish","type":"page","link":"https:\/\/www.akbo-fbt.de\/?page_id=675","title":{"rendered":"Impressum"},"content":{"rendered":"<p>AKBO Fussbodentechnik GmbH,<br \/>\nGesch\u00e4ftsf\u00fchrer: Dipl.-Ing. Hanefi Akt\u00fcrk<\/p>\n<p>Sitz der Gesellschaft:<br \/>\nDarmstadt Registergericht,<br \/>\nAmtsgericht Darmstadt HR B 86872,<br \/>\nSteuernummer: 00780133688<\/p>\n<p>Akbo Fussbodentechnik GmbH<br \/>\nMainzer Stra\u00dfe 116,<br \/>\n64293 Darmstadt<\/p>\n<p>Telefon: 06151-1590050<br \/>\nFax: 06151-1590051<\/p>\n<p>E-Mail: info(at) akbo-fbt.de<br \/>\nWeb: www.akbo-fbt.de<\/p>\n<p>Inhaltlich Verantwortlicher gem\u00e4\u00df \u00a7 10 Absatz 3 MDStV: Hanefi Akt\u00fcrk (Anschrift siehe &#8222;Kontakt&#8220;)<\/p>\n","protected":false},"excerpt":{"rendered":"<p>AKBO Fussbodentechnik GmbH, Gesch\u00e4ftsf\u00fchrer: Dipl.-Ing. Hanefi Akt\u00fcrk Sitz der Gesellschaft: Darmstadt Registergericht, Amtsgericht Darmstadt HR B 86872, Steuernummer: 00780133688 Akbo Fussbodentechnik GmbH Mainzer Stra\u00dfe 116, 64293 Darmstadt Telefon: 06151-1590050 Fax: &#8230; <\/p>\n","protected":false},"author":1,"featured_media":0,"parent":0,"menu_order":0,"comment_status":"closed","ping_status":"closed","template":"","meta":{"footnotes":""},"class_list":["post-675","page","type-page","status-publish","hentry"],"_links":{"self":[{"href":"https:\/\/www.akbo-fbt.de\/index.php?rest_route=\/wp\/v2\/pages\/675","targetHints":{"allow":["GET"]}}],"collection":[{"href":"https:\/\/www.akbo-fbt.de\/index.php?rest_route=\/wp\/v2\/pages"}],"about":[{"href":"https:\/\/www.akbo-fbt.de\/index.php?rest_route=\/wp\/v2\/types\/page"}],"author":[{"embeddable":true,"href":"https:\/\/www.akbo-fbt.de\/index.php?rest_route=\/wp\/v2\/users\/1"}],"replies":[{"embeddable":true,"href":"https:\/\/www.akbo-fbt.de\/index.php?rest_route=%2Fwp%2Fv2%2Fcomments&post=675"}],"version-history":[{"count":3,"href":"https:\/\/www.akbo-fbt.de\/index.php?rest_route=\/wp\/v2\/pages\/675\/revisions"}],"predecessor-version":[{"id":713,"href":"https:\/\/www.akbo-fbt.de\/index.php?rest_route=\/wp\/v2\/pages\/675\/revisions\/713"}],"wp:attachment":[{"href":"https:\/\/www.akbo-fbt.de\/index.php?rest_route=%2Fwp%2Fv2%2Fmedia&parent=675"}],"curies":[{"name":"wp","href":"https:\/\/api.w.org\/{rel}","templated":true}]}}