{"id":67,"date":"2014-10-13T11:11:04","date_gmt":"2014-10-13T11:11:04","guid":{"rendered":"http:\/\/themes.uxbarn.com\/wp\/thine-dummy\/?page_id=67"},"modified":"2021-02-23T10:49:17","modified_gmt":"2021-02-23T09:49:17","slug":"about","status":"publish","type":"page","link":"https:\/\/www.akbo-fbt.de\/?page_id=67","title":{"rendered":"Fu\u00dfboden"},"content":{"rendered":"<div class=\" row \">\n\t<div class=\"uxb-col large-12 columns   \">\n\t\t<div class=\"wpb_wrapper\">\n\t\t\t<div class=\"vc_single_image image-element normal-align-left  \"><img loading=\"lazy\" decoding=\"async\" src=\"https:\/\/www.akbo-fbt.de\/wp-content\/uploads\/2014\/10\/kautchuk.jpg\" alt=\"\"   width=\"916\" height=\"480\" \/><\/div>\n\t<div class=\"wpb_text_column wpb_content_element \">\n\t\t<div class=\"wpb_wrapper\">\n\t\t\t<h1>Fu\u00dfboden \u2013 mehr als einfach nur ein Bodenbelag<\/h1>\n<p>Wussten Sie, dass der Fu\u00dfboden ma\u00dfgeblich f\u00fcr die Atmosph\u00e4re in Ihren R\u00e4umen verantwortlich ist? Umso wichtiger ist es, dass Sie sich ausreichend Zeit f\u00fcr die Wahl Ihres Bodenbelages nehmen, damit er auch genau zu Ihren individuellen Anforderungen und W\u00fcnschen passt. Um Ihnen bestm\u00f6gliche Qualit\u00e4t zu gew\u00e4hrleisten, verwenden wir ausschlie\u00dflich Produkte von namhaften und f\u00fchrenden Herstellern. Dabei verwenden wir verschiedene Arten von Bodenbel\u00e4gen.<\/p>\n<h2>W\u00e4hlen Sie Ihren Wunschboden aus diesen Bel\u00e4gen:<\/h2>\n<ul>\n<li>Teppichboden: Dieser Belag \u00fcberall dort gut geeignet, wo es nicht zu allzu starken Beanspruchungen kommt. Zum Beispiel im Schlafbereich oder G\u00e4stezimmer.<\/li>\n<li>Laminat: Mit diesem Bodenbelag liegen Sie voll im Trend. Durch zahlreiche Dekors und unterschiedliche Laminat-Klassen l\u00e4sst sich Laminat problemlos f\u00fcr die unterschiedlichsten Anforderungen verwenden.<\/li>\n<li>Fertig-Parkettboden: Der gediegene Klassiker unter den Holzb\u00f6den und immer noch aktuell. Vielleicht im Vergleich zu anderen Bodenbel\u00e4gen nicht ganz einfach zu handhaben, doch richtig gepflegt, werden Sie lange Freude an Ihrem Parkett haben.<\/li>\n<li>PVC: Das elastische Material ist nahezu unverw\u00fcstlich und besticht vor allem durch die leichte Pflege, leichte Verlegbarkeit und die vielen verschiedenen Designs und Oberfl\u00e4chen.<\/li>\n<li>Designbelag: Designerbel\u00e4ge werden aus besonders strapazierf\u00e4higem PVC gefertigt. Die Auswahl an Designs bis hin zu extravaganten Ausf\u00fchrungen ist nahezu unersch\u00f6pflich. Selbst Intarsien lassen sich problemlos und individuell nach Ihren W\u00fcnschen verlegen.<\/li>\n<li>Linoleum: Dieser Belag ist der Klassiker unter den elastischen Fu\u00dfbodenbel\u00e4gen. Das fu\u00dfwarme Material ist nicht nur schwer entflammbar, sondern auch biologisch abbaubar.<\/li>\n<li>Kautschuk: Bodenbel\u00e4ge aus Kautschuk erfreuen sich gro\u00dfer Beliebtheit. Das Material ist leicht zu verlegen und besticht durch einen angenehmen Gehkomfort bei ausgepr\u00e4gter Trittsicherheit.<\/li>\n<\/ul>\n<p>Mit Erfahrung und Freude an der Arbeit setzen wir gern auch Ihre Ideen und W\u00fcnsche in die Realit\u00e4t um. Fordern Sie uns und vereinbaren Sie am besten gleich einen unverbindlichen Beratungstermin \u2013 wir freuen uns auf Sie!<\/p>\n\n\t\t<\/div> \n\t<\/div> \n\t\t<\/div> \n\t<\/div> \n<\/div><div class=\" row \">\n\t<div class=\"uxb-col large-12 columns   \">\n\t\t<div class=\"wpb_wrapper\">\n\t\t\t<hr class=\"dotted  divider uxb-divider\" \/>\n\t\t<\/div> \n\t<\/div> \n<\/div><div class=\" row \">\n\t<div class=\"uxb-col large-12 columns   \">\n\t\t<div class=\"wpb_wrapper\">\n\t\t\t<div class=\"wpb_revslider_element wpb_content_element\">\n<div id=\"rev_slider_1_1_wrapper\" class=\"rev_slider_wrapper fullwidthbanner-container\" style=\"margin:0px auto;padding:0px;margin-top:0px;margin-bottom:0px;max-height:435px;\">\n<!-- START REVOLUTION SLIDER 4.6.5 fullwidth mode -->\n\t<div id=\"rev_slider_1_1\" class=\"rev_slider fullwidthabanner\" style=\"display:none;max-height:435px;height:435px;\">\n<ul>\t<!-- SLIDE  -->\n\t<li data-transition=\"fade\" data-slotamount=\"7\" data-masterspeed=\"500\"  data-saveperformance=\"off\" >\n\t\t<!-- MAIN IMAGE -->\n\t\t<img decoding=\"async\" src=\"https:\/\/www.akbo-fbt.de\/wp-content\/uploads\/2015\/05\/slider1.jpg\"  alt=\"slider1\"  data-bgposition=\"left top\" data-kenburns=\"on\" data-duration=\"6000\" data-ease=\"Linear.easeNone\" data-bgfit=\"100\" data-bgfitend=\"100\" data-bgpositionend=\"left bottom\">\n\t\t<!-- LAYERS -->\n\t<\/li>\n\t<!-- SLIDE  -->\n\t<li data-transition=\"fade\" data-slotamount=\"7\" data-masterspeed=\"500\"  data-saveperformance=\"off\" >\n\t\t<!-- MAIN IMAGE -->\n\t\t<img decoding=\"async\" src=\"https:\/\/www.akbo-fbt.de\/wp-content\/uploads\/2015\/05\/slider2.jpg\"  alt=\"slider2\"  data-bgposition=\"center center\" data-kenburns=\"on\" data-duration=\"6000\" data-ease=\"Linear.easeNone\" data-bgfit=\"120\" data-bgfitend=\"100\" data-bgpositionend=\"center center\">\n\t\t<!-- LAYERS -->\n\t<\/li>\n<\/ul>\n<div class=\"tp-bannertimer\"><\/div>\t<\/div>\n\t\t\t\n\n\t\t\t<style scoped><\/style>\n\n\t\t\t<script type=\"text\/javascript\">\n\n\t\t\t\t\/******************************************\n\t\t\t\t\t-\tPREPARE PLACEHOLDER FOR SLIDER\t-\n\t\t\t\t******************************************\/\n\t\t\t\t\n\n\t\t\t\tvar setREVStartSize = function() {\n\t\t\t\t\tvar\ttpopt = new Object();\n\t\t\t\t\t\ttpopt.startwidth = 1420;\n\t\t\t\t\t\ttpopt.startheight = 435;\n\t\t\t\t\t\ttpopt.container = jQuery('#rev_slider_1_1');\n\t\t\t\t\t\ttpopt.fullScreen = \"off\";\n\t\t\t\t\t\ttpopt.forceFullWidth=\"off\";\n\n\t\t\t\t\ttpopt.container.closest(\".rev_slider_wrapper\").css({height:tpopt.container.height()});tpopt.width=parseInt(tpopt.container.width(),0);tpopt.height=parseInt(tpopt.container.height(),0);tpopt.bw=tpopt.width\/tpopt.startwidth;tpopt.bh=tpopt.height\/tpopt.startheight;if(tpopt.bh>tpopt.bw)tpopt.bh=tpopt.bw;if(tpopt.bh<tpopt.bw)tpopt.bw=tpopt.bh;if(tpopt.bw<tpopt.bh)tpopt.bh=tpopt.bw;if(tpopt.bh>1){tpopt.bw=1;tpopt.bh=1}if(tpopt.bw>1){tpopt.bw=1;tpopt.bh=1}tpopt.height=Math.round(tpopt.startheight*(tpopt.width\/tpopt.startwidth));if(tpopt.height>tpopt.startheight&&tpopt.autoHeight!=\"on\")tpopt.height=tpopt.startheight;if(tpopt.fullScreen==\"on\"){tpopt.height=tpopt.bw*tpopt.startheight;var cow=tpopt.container.parent().width();var coh=jQuery(window).height();if(tpopt.fullScreenOffsetContainer!=undefined){try{var offcontainers=tpopt.fullScreenOffsetContainer.split(\",\");jQuery.each(offcontainers,function(e,t){coh=coh-jQuery(t).outerHeight(true);if(coh<tpopt.minFullScreenHeight)coh=tpopt.minFullScreenHeight})}catch(e){}}tpopt.container.parent().height(coh);tpopt.container.height(coh);tpopt.container.closest(\".rev_slider_wrapper\").height(coh);tpopt.container.closest(\".forcefullwidth_wrapper_tp_banner\").find(\".tp-fullwidth-forcer\").height(coh);tpopt.container.css({height:\"100%\"});tpopt.height=coh;}else{tpopt.container.height(tpopt.height);tpopt.container.closest(\".rev_slider_wrapper\").height(tpopt.height);tpopt.container.closest(\".forcefullwidth_wrapper_tp_banner\").find(\".tp-fullwidth-forcer\").height(tpopt.height);}\n\t\t\t\t};\n\n\t\t\t\t\/* CALL PLACEHOLDER *\/\n\t\t\t\tsetREVStartSize();\n\n\n\t\t\t\tvar tpj=jQuery;\n\t\t\t\ttpj.noConflict();\n\t\t\t\tvar revapi1;\n\n\t\t\t\ttpj(document).ready(function() {\n\n\t\t\t\tif(tpj('#rev_slider_1_1').revolution == undefined){\n\t\t\t\t\trevslider_showDoubleJqueryError('#rev_slider_1_1');\n\t\t\t\t}else{\n\t\t\t\t   revapi1 = tpj('#rev_slider_1_1').show().revolution(\n\t\t\t\t\t{\t\n\t\t\t\t\t\t\t\t\t\t\t\tdottedOverlay:\"none\",\n\t\t\t\t\t\tdelay:5000,\n\t\t\t\t\t\tstartwidth:1420,\n\t\t\t\t\t\tstartheight:435,\n\t\t\t\t\t\thideThumbs:200,\n\n\t\t\t\t\t\tthumbWidth:100,\n\t\t\t\t\t\tthumbHeight:50,\n\t\t\t\t\t\tthumbAmount:2,\n\t\t\t\t\t\t\n\t\t\t\t\t\t\t\t\t\t\t\t\n\t\t\t\t\t\tsimplifyAll:\"off\",\n\n\t\t\t\t\t\tnavigationType:\"bullet\",\n\t\t\t\t\t\tnavigationArrows:\"solo\",\n\t\t\t\t\t\tnavigationStyle:\"round\",\n\n\t\t\t\t\t\ttouchenabled:\"on\",\n\t\t\t\t\t\tonHoverStop:\"off\",\n\t\t\t\t\t\tnextSlideOnWindowFocus:\"off\",\n\n\t\t\t\t\t\tswipe_threshold: 75,\n\t\t\t\t\t\tswipe_min_touches: 1,\n\t\t\t\t\t\tdrag_block_vertical: false,\n\t\t\t\t\t\t\n\t\t\t\t\t\t\t\t\t\t\t\t\n\t\t\t\t\t\t\t\t\t\t\t\t\n\t\t\t\t\t\tkeyboardNavigation:\"off\",\n\n\t\t\t\t\t\tnavigationHAlign:\"center\",\n\t\t\t\t\t\tnavigationVAlign:\"bottom\",\n\t\t\t\t\t\tnavigationHOffset:0,\n\t\t\t\t\t\tnavigationVOffset:20,\n\n\t\t\t\t\t\tsoloArrowLeftHalign:\"left\",\n\t\t\t\t\t\tsoloArrowLeftValign:\"center\",\n\t\t\t\t\t\tsoloArrowLeftHOffset:20,\n\t\t\t\t\t\tsoloArrowLeftVOffset:0,\n\n\t\t\t\t\t\tsoloArrowRightHalign:\"right\",\n\t\t\t\t\t\tsoloArrowRightValign:\"center\",\n\t\t\t\t\t\tsoloArrowRightHOffset:20,\n\t\t\t\t\t\tsoloArrowRightVOffset:0,\n\n\t\t\t\t\t\tshadow:0,\n\t\t\t\t\t\tfullWidth:\"on\",\n\t\t\t\t\t\tfullScreen:\"off\",\n\n\t\t\t\t\t\t\t\t\t\t\t\tspinner:\"spinner0\",\n\t\t\t\t\t\t\t\t\t\t\t\t\n\t\t\t\t\t\tstopLoop:\"off\",\n\t\t\t\t\t\tstopAfterLoops:-1,\n\t\t\t\t\t\tstopAtSlide:-1,\n\n\t\t\t\t\t\tshuffle:\"off\",\n\n\t\t\t\t\t\tautoHeight:\"off\",\n\t\t\t\t\t\tforceFullWidth:\"off\",\n\t\t\t\t\t\t\n\t\t\t\t\t\t\n\t\t\t\t\t\t\n\t\t\t\t\t\thideThumbsOnMobile:\"off\",\n\t\t\t\t\t\thideNavDelayOnMobile:1500,\n\t\t\t\t\t\thideBulletsOnMobile:\"off\",\n\t\t\t\t\t\thideArrowsOnMobile:\"off\",\n\t\t\t\t\t\thideThumbsUnderResolution:0,\n\n\t\t\t\t\t\t\t\t\t\t\t\thideSliderAtLimit:0,\n\t\t\t\t\t\thideCaptionAtLimit:0,\n\t\t\t\t\t\thideAllCaptionAtLilmit:0,\n\t\t\t\t\t\tstartWithSlide:0\t\t\t\t\t});\n\n\n\n\t\t\t\t\t\t\t\t\t}\n\t\t\t\t});\t\/*ready*\/\n\n\t\t\t<\/script>\n\n\n\t\t\t<\/div><!-- END REVOLUTION SLIDER --><\/div>\n<div class=\"uxb-exte\"><h2 class=\"    uxb-heading\">Referenzen<\/h2><\/div>\n\t<div class=\"wpb_text_column wpb_content_element \">\n\t\t<div class=\"wpb_wrapper\">\n\t\t\t<p>Unsere Referenzen. Hier finden Sie einige ausgew\u00e4hlt Referenzobjekte. Diese k\u00f6nnen Sie nat\u00fcrlich auch in unserer Bildergalerie betrachten.<\/p>\n\n\t\t<\/div> \n\t<\/div> \n\t\t<\/div> \n\t<\/div> \n<\/div><div class=\" row \">\n\t<div class=\"uxb-col large-4 columns   \">\n\t\t<div class=\"wpb_wrapper\">\n\t\t\t<div class=\"vc_single_image image-element normal-align-left  \"><img loading=\"lazy\" decoding=\"async\" src=\"https:\/\/www.akbo-fbt.de\/wp-content\/uploads\/2014\/10\/285x90.gif\" alt=\"\"   width=\"285\" height=\"90\" \/><\/div><div class=\"uxb-exte\"><h3 class=\"light    uxb-heading\">Tortor est ultricies<\/h3><\/div>\n\t<div class=\"wpb_text_column wpb_content_element \">\n\t\t<div class=\"wpb_wrapper\">\n\t\t\t<p>Phasellus tempus mi id mauris accumsan dapibus. Vestibulum luctus porta nisi, a blandit quam volutpat at.<\/p>\n<p><a href=\"#\">Learn more<\/a><\/p>\n\n\t\t<\/div> \n\t<\/div> \n\t\t<\/div> \n\t<\/div> \n\n\t<div class=\"uxb-col large-4 columns   \">\n\t\t<div class=\"wpb_wrapper\">\n\t\t\t<div class=\"vc_single_image image-element normal-align-left  \"><img loading=\"lazy\" decoding=\"async\" src=\"https:\/\/www.akbo-fbt.de\/wp-content\/uploads\/2014\/10\/285x90.gif\" alt=\"\"   width=\"285\" height=\"90\" \/><\/div><div class=\"uxb-exte\"><h3 class=\"light    uxb-heading\">Quis elementum turpis<\/h3><\/div>\n\t<div class=\"wpb_text_column wpb_content_element \">\n\t\t<div class=\"wpb_wrapper\">\n\t\t\t<p>Phasellus tempus mi id mauris accumsan dapibus. Vestibulum luctus porta nisi, a blandit quam volutpat at.<\/p>\n<p><a href=\"#\">Learn more<\/a><\/p>\n\n\t\t<\/div> \n\t<\/div> \n\t\t<\/div> \n\t<\/div> \n\n\t<div class=\"uxb-col large-4 columns   \">\n\t\t<div class=\"wpb_wrapper\">\n\t\t\t<div class=\"vc_single_image image-element normal-align-left  \"><img loading=\"lazy\" decoding=\"async\" src=\"https:\/\/www.akbo-fbt.de\/wp-content\/uploads\/2014\/10\/285x90.gif\" alt=\"\"   width=\"285\" height=\"90\" \/><\/div><div class=\"uxb-exte\"><h3 class=\"light    uxb-heading\">Ullamcorper<\/h3><\/div>\n\t<div class=\"wpb_text_column wpb_content_element \">\n\t\t<div class=\"wpb_wrapper\">\n\t\t\t<p>Phasellus tempus mi id mauris accumsan dapibus. Vestibulum luctus porta nisi, a blandit quam volutpat at.<\/p>\n<p><a href=\"#\">Learn more<\/a><\/p>\n\n\t\t<\/div> \n\t<\/div> \n\t\t<\/div> \n\t<\/div> \n<\/div>\n","protected":false},"excerpt":{"rendered":"Fu\u00dfboden \u2013 mehr als einfach nur ein Bodenbelag Wussten Sie, dass der Fu\u00dfboden ma\u00dfgeblich f\u00fcr die Atmosph\u00e4re in Ihren R\u00e4umen verantwortlich ist? Umso wichtiger ist es, dass Sie sich ausreichend ... ","protected":false},"author":1,"featured_media":0,"parent":0,"menu_order":0,"comment_status":"open","ping_status":"closed","template":"","meta":{"footnotes":""},"class_list":["post-67","page","type-page","status-publish","hentry"],"_links":{"self":[{"href":"https:\/\/www.akbo-fbt.de\/index.php?rest_route=\/wp\/v2\/pages\/67","targetHints":{"allow":["GET"]}}],"collection":[{"href":"https:\/\/www.akbo-fbt.de\/index.php?rest_route=\/wp\/v2\/pages"}],"about":[{"href":"https:\/\/www.akbo-fbt.de\/index.php?rest_route=\/wp\/v2\/types\/page"}],"author":[{"embeddable":true,"href":"https:\/\/www.akbo-fbt.de\/index.php?rest_route=\/wp\/v2\/users\/1"}],"replies":[{"embeddable":true,"href":"https:\/\/www.akbo-fbt.de\/index.php?rest_route=%2Fwp%2Fv2%2Fcomments&post=67"}],"version-history":[{"count":28,"href":"https:\/\/www.akbo-fbt.de\/index.php?rest_route=\/wp\/v2\/pages\/67\/revisions"}],"predecessor-version":[{"id":683,"href":"https:\/\/www.akbo-fbt.de\/index.php?rest_route=\/wp\/v2\/pages\/67\/revisions\/683"}],"wp:attachment":[{"href":"https:\/\/www.akbo-fbt.de\/index.php?rest_route=%2Fwp%2Fv2%2Fmedia&parent=67"}],"curies":[{"name":"wp","href":"https:\/\/api.w.org\/{rel}","templated":true}]}}