{"id":477,"date":"2014-10-13T11:04:55","date_gmt":"2014-10-13T11:04:55","guid":{"rendered":"http:\/\/themes.uxbarn.com\/wp\/thine-dummy\/?page_id=57"},"modified":"2021-02-23T10:48:32","modified_gmt":"2021-02-23T09:48:32","slug":"home","status":"publish","type":"page","link":"https:\/\/www.akbo-fbt.de\/","title":{"rendered":"Startseite"},"content":{"rendered":"<div class=\" row \">\n\t<div class=\"uxb-col large-12 columns   \">\n\t\t<div class=\"wpb_wrapper\">\n\t\t\t<div class=\"image-slider-root-container \"><div class=\"image-slider-wrapper slider-set  hide-bullets \" data-auto-rotation=\"5\" data-effect=\"fade\"><ul class=\"image-slider\"><li class=\"image-slider-item\"><img loading=\"lazy\" decoding=\"async\" src=\"https:\/\/www.akbo-fbt.de\/wp-content\/uploads\/2014\/10\/kautchuk.jpg\"  alt=\"\" width=\"916\" height=\"480\" \/><\/li><li class=\"image-slider-item\"><img loading=\"lazy\" decoding=\"async\" src=\"https:\/\/www.akbo-fbt.de\/wp-content\/uploads\/2014\/10\/praesize.jpg\"  alt=\"\" width=\"916\" height=\"480\" \/><\/li><li class=\"image-slider-item\"><img loading=\"lazy\" decoding=\"async\" src=\"https:\/\/www.akbo-fbt.de\/wp-content\/uploads\/2014\/10\/teppich.jpg\"  alt=\"\" width=\"916\" height=\"480\" \/><\/li><\/ul><\/div><a href=\"#\" class=\"slider-controller slider-prev\"><i class=\"ion-ios7-arrow-left\"><\/i><\/a>\n\t\t\t\t<a href=\"#\" class=\"slider-controller slider-next\"><i class=\"ion-ios7-arrow-right\"><\/i><\/a><\/div>\n\t\t<\/div> \n\t<\/div> \n<\/div><div class=\" row \">\n\t<div class=\"uxb-col large-12 columns   \">\n\t\t<div class=\"wpb_wrapper\">\n\t\t\t\n\t<div class=\"wpb_text_column wpb_content_element \">\n\t\t<div class=\"wpb_wrapper\">\n\t\t\t<h2>Der optimale Belag auch f\u00fcr Ihren Boden<\/h2>\n<p>Genau das tun wir gern und mit Leidenschaft. Ganz gleich, ob Sie das wohlige Gef\u00fchl von Teppichboden unter Ihren F\u00fc\u00dfen lieben oder auf die Strapazierf\u00e4higkeit von Laminat schw\u00f6ren. Oder ob Sie die Lebendigkeit vom Fertig-Parkett oder doch lieber die Ausstrahlung von elastischen Bel\u00e4gen wie Laminat, Kautschuk, PVC, Linoleum oder Designbel\u00e4gen bevorzugen: Mit viel Freude und Erfahrung setzen wir Ihre W\u00fcnsche und Ideen f\u00fcr den optimalen Bodenbelag in die Realit\u00e4t um.<\/p>\n<p>Gemeinsam mit Ihnen entwickeln wir ganzheitliche Wohn- und Raumkonzepte. Dabei richten wir uns jeweils nach den Gegebenheiten vor Ort. Unsere Leistungen erstrecken sich vom modernen zukunftsorientierten B\u00fcro bis hin zum gem\u00fctlichen Ambiente privater Wohnr\u00e4ume. Lassen Sie sich begeistern von der Vielfalt an M\u00f6glichkeiten, die Ihnen die verschiedenen Materialien f\u00fcr Ihren Fu\u00dfboden bieten.<\/p>\n<p><strong>W\u00e4hlen Sie aus unserem umfangreichen Angebot den f\u00fcr Ihr Vorhaben passenden Bodenbelag:<\/strong><\/p>\n<ul>\n<li>Teppichboden &#8211; f\u00fcr behaglichen Wohnkomfort<\/li>\n<li>Laminatboden &#8211; unverw\u00fcstlicher Garant f\u00fcr lange Lebensdauer<\/li>\n<li>Fertig-Parkettboden &#8211; gibt Ihrem Wohnraum den besonderen Charakter<\/li>\n<li>PVC-Bodenbelag &#8211; Klassiker mit modernem Design<\/li>\n<li>Designbelag &#8211; lassen Sie Ihrer Kreativit\u00e4t freien Lauf<\/li>\n<li>Linoleum &#8211; Klassiker aus nat\u00fcrlichen Materialien<\/li>\n<li>Kautschuk &#8211; praktischer Bodenbelag mit vielen Vorz\u00fcgen<\/li>\n<\/ul>\n<p>Als Fu\u00dfbodentechniker bieten wir Ihnen umfangreiche Service-Pakete und betreuen Sie gern in allen Belangen rund um Ihren Bodenbelag. Dazu geh\u00f6rt unter anderem auch die Aufnahme und fachgerechte Entsorgung von alten B\u00f6den. Sprechen Sie uns an und vereinbaren Sie einen unverbindlichen Beratungstermin!<\/p>\n<p>Das gesamte Team von ABKO Fu\u00dfbodentechnik freut sich auf Sie!<\/p>\n\n\t\t<\/div> \n\t<\/div> \n\t\t<\/div> \n\t<\/div> \n<\/div>\n","protected":false},"excerpt":{"rendered":"Der optimale Belag auch f\u00fcr Ihren Boden Genau das tun wir gern und mit Leidenschaft. Ganz gleich, ob Sie das wohlige Gef\u00fchl von Teppichboden unter Ihren F\u00fc\u00dfen lieben oder auf ... ","protected":false},"author":1,"featured_media":0,"parent":0,"menu_order":0,"comment_status":"open","ping_status":"closed","template":"","meta":{"footnotes":""},"class_list":["post-477","page","type-page","status-publish","hentry"],"_links":{"self":[{"href":"https:\/\/www.akbo-fbt.de\/index.php?rest_route=\/wp\/v2\/pages\/477","targetHints":{"allow":["GET"]}}],"collection":[{"href":"https:\/\/www.akbo-fbt.de\/index.php?rest_route=\/wp\/v2\/pages"}],"about":[{"href":"https:\/\/www.akbo-fbt.de\/index.php?rest_route=\/wp\/v2\/types\/page"}],"author":[{"embeddable":true,"href":"https:\/\/www.akbo-fbt.de\/index.php?rest_route=\/wp\/v2\/users\/1"}],"replies":[{"embeddable":true,"href":"https:\/\/www.akbo-fbt.de\/index.php?rest_route=%2Fwp%2Fv2%2Fcomments&post=477"}],"version-history":[{"count":24,"href":"https:\/\/www.akbo-fbt.de\/index.php?rest_route=\/wp\/v2\/pages\/477\/revisions"}],"predecessor-version":[{"id":682,"href":"https:\/\/www.akbo-fbt.de\/index.php?rest_route=\/wp\/v2\/pages\/477\/revisions\/682"}],"wp:attachment":[{"href":"https:\/\/www.akbo-fbt.de\/index.php?rest_route=%2Fwp%2Fv2%2Fmedia&parent=477"}],"curies":[{"name":"wp","href":"https:\/\/api.w.org\/{rel}","templated":true}]}}